{"id":3,"date":"2025-04-22T23:29:20","date_gmt":"2025-04-22T21:29:20","guid":{"rendered":"http:\/\/bezaiwp68.you2.pl\/?page_id=3"},"modified":"2026-02-11T13:05:49","modified_gmt":"2026-02-11T12:05:49","slug":"polityka-prywatnosci","status":"publish","type":"page","link":"https:\/\/glampczady.dfirma.pl\/index.php\/polityka-prywatnosci\/","title":{"rendered":"Polityka prywatno\u015bci"},"content":{"rendered":"\n<h2 class=\"wp-block-heading has-xx-large-font-size\">Polityka prywatno\u015bci<\/h2>\n\n\n\n<h2 class=\"wp-block-heading\">Kim jeste\u015bmy<\/h2>\n\n\n\n<p>Administratorem strony internetowej jest <strong>GlampCzady<\/strong>.<br>Adres naszej strony internetowej to: <a href=\"http:\/\/glampczady.dfirma.pl\/\"><strong>http:\/\/glampczady.dfirma.pl\/<\/strong><\/a><br>Kontakt w sprawach zwi\u0105zanych z ochron\u0105 danych osobowych: <strong><a>kontakt@glampczady.pl<\/a><\/strong><\/p>\n\n\n\n<hr class=\"wp-block-separator has-alpha-channel-opacity\"\/>\n\n\n\n<h2 class=\"wp-block-heading\">Komentarze<\/h2>\n\n\n\n<p>Je\u015bli odwiedzaj\u0105cy stron\u0119 pozostawi komentarz, zbieramy dane widoczne w formularzu komentowania, a tak\u017ce adres IP odwiedzaj\u0105cego oraz podpis przegl\u0105darki, co pomaga w wykrywaniu spamu.<\/p>\n\n\n\n<p>Anonimizowany ci\u0105g znak\u00f3w utworzony z adresu e-mail (tzw. hash) mo\u017ce zosta\u0107 przes\u0142any do us\u0142ugi <strong>Gravatar<\/strong> w celu sprawdzenia, czy jest ona u\u017cywana. Polityka prywatno\u015bci us\u0142ugi Gravatar dost\u0119pna jest na stronie Automattic. Po zatwierdzeniu komentarza obrazek profilowy u\u017cytkownika jest widoczny publicznie przy tre\u015bci komentarza.<\/p>\n\n\n\n<hr class=\"wp-block-separator has-alpha-channel-opacity\"\/>\n\n\n\n<h2 class=\"wp-block-heading\">Media<\/h2>\n\n\n\n<p>Je\u015bli jeste\u015b zarejestrowanym u\u017cytkownikiem i przesy\u0142asz obrazy na stron\u0119, zalecamy unikanie przesy\u0142ania plik\u00f3w zawieraj\u0105cych dane lokalizacyjne (EXIF GPS). Odwiedzaj\u0105cy stron\u0119 mog\u0105 pobra\u0107 i odczyta\u0107 pe\u0142ne dane lokalizacyjne z obraz\u00f3w umieszczonych na stronie.<\/p>\n\n\n\n<hr class=\"wp-block-separator has-alpha-channel-opacity\"\/>\n\n\n\n<h2 class=\"wp-block-heading\">Pliki cookies (ciasteczka)<\/h2>\n\n\n\n<p>Je\u015bli dodasz komentarz na naszej stronie, mo\u017cesz wyrazi\u0107 zgod\u0119 na zapisanie w plikach cookies Twojego imienia, adresu e-mail oraz strony internetowej. Dzi\u0119ki temu przy kolejnych komentarzach powy\u017csze dane b\u0119d\u0105 automatycznie uzupe\u0142niane. Ciasteczka te wygasaj\u0105 po roku.<\/p>\n\n\n\n<p>Je\u015bli odwiedzisz stron\u0119 logowania, utworzymy tymczasowy plik cookie w celu sprawdzenia, czy Twoja przegl\u0105darka akceptuje pliki cookies. Nie zawiera on \u017cadnych danych osobowych i zostaje usuni\u0119ty po zamkni\u0119ciu przegl\u0105darki.<\/p>\n\n\n\n<p>Podczas logowania tworzymy dodatkowe pliki cookies potrzebne do zapisu informacji logowania oraz ustawie\u0144 ekranu.<\/p>\n\n\n\n<ul class=\"wp-block-list\">\n<li>ciasteczka logowania wygasaj\u0105 po 2 dniach,<\/li>\n\n\n\n<li>ustawienia ekranu po roku.<\/li>\n<\/ul>\n\n\n\n<p>Je\u015bli zaznaczysz opcj\u0119 \u201ePami\u0119taj mnie\u201d, logowanie wyga\u015bnie po 2 tygodniach. Po wylogowaniu si\u0119 ciasteczka logowania zostan\u0105 usuni\u0119te.<\/p>\n\n\n\n<p>Je\u015bli zmodyfikujesz lub opublikujesz artyku\u0142, w Twojej przegl\u0105darce zostanie zapisany dodatkowy plik cookie. Nie zawiera on danych osobowych i wskazuje jedynie identyfikator edytowanego artyku\u0142u. Wygasa po 1 dniu.<\/p>\n\n\n\n<hr class=\"wp-block-separator has-alpha-channel-opacity\"\/>\n\n\n\n<h2 class=\"wp-block-heading\">Osadzone tre\u015bci z innych witryn<\/h2>\n\n\n\n<p>Artyku\u0142y na tej stronie mog\u0105 zawiera\u0107 osadzone tre\u015bci (np. filmy, mapy, obrazy, artyku\u0142y). Osadzone tre\u015bci z innych witryn zachowuj\u0105 si\u0119 tak, jakby u\u017cytkownik odwiedzi\u0142 bezpo\u015brednio dan\u0105 witryn\u0119.<\/p>\n\n\n\n<p>Witryny te mog\u0105 zbiera\u0107 dane o u\u017cytkowniku, u\u017cywa\u0107 plik\u00f3w cookies, do\u0142\u0105cza\u0107 zewn\u0119trzne systemy \u015bledzenia oraz monitorowa\u0107 interakcje u\u017cytkownika z osadzonym materia\u0142em, szczeg\u00f3lnie je\u015bli u\u017cytkownik posiada konto i jest zalogowany w danej witrynie.<\/p>\n\n\n\n<hr class=\"wp-block-separator has-alpha-channel-opacity\"\/>\n\n\n\n<h2 class=\"wp-block-heading\">Z kim dzielimy si\u0119 danymi<\/h2>\n\n\n\n<p>Je\u015bli za\u017c\u0105dasz zresetowania has\u0142a, Tw\u00f3j adres IP zostanie do\u0142\u0105czony do wiadomo\u015bci e-mail wysy\u0142anej w celu realizacji tej operacji.<\/p>\n\n\n\n<p>Dane u\u017cytkownik\u00f3w nie s\u0105 przekazywane osobom trzecim, z wyj\u0105tkiem sytuacji wymaganych przepisami prawa lub niezb\u0119dnych do prawid\u0142owego funkcjonowania strony (np. operatorzy hostingu, systemy antyspamowe).<\/p>\n\n\n\n<hr class=\"wp-block-separator has-alpha-channel-opacity\"\/>\n\n\n\n<h2 class=\"wp-block-heading\">Jak d\u0142ugo przechowujemy Twoje dane<\/h2>\n\n\n\n<p>Je\u015bli zostawisz komentarz, jego tre\u015b\u0107 oraz metadane b\u0119d\u0105 przechowywane przez czas nieokre\u015blony. Pozwala to na automatyczne zatwierdzanie kolejnych komentarzy bez ka\u017cdorazowej moderacji.<\/p>\n\n\n\n<p>Dla u\u017cytkownik\u00f3w, kt\u00f3rzy zarejestrowali si\u0119 na stronie (je\u015bli tacy s\u0105), przechowujemy r\u00f3wnie\u017c dane osobowe podane w profilu u\u017cytkownika. Ka\u017cdy u\u017cytkownik mo\u017ce w dowolnym momencie przegl\u0105da\u0107, edytowa\u0107 lub usun\u0105\u0107 swoje dane osobowe (z wyj\u0105tkiem nazwy u\u017cytkownika, kt\u00f3rej nie mo\u017cna zmieni\u0107). Administratorzy strony r\u00f3wnie\u017c maj\u0105 dost\u0119p do tych informacji.<\/p>\n\n\n\n<hr class=\"wp-block-separator has-alpha-channel-opacity\"\/>\n\n\n\n<h2 class=\"wp-block-heading\">Jakie masz prawa do swoich danych<\/h2>\n\n\n\n<p>Je\u015bli posiadasz konto na naszej stronie lub doda\u0142e\u015b komentarze, masz prawo:<\/p>\n\n\n\n<ul class=\"wp-block-list\">\n<li>za\u017c\u0105da\u0107 dost\u0119pu do swoich danych osobowych,<\/li>\n\n\n\n<li>otrzyma\u0107 plik z wyeksportowanym zestawem Twoich danych,<\/li>\n\n\n\n<li>za\u017c\u0105da\u0107 usuni\u0119cia danych osobowych.<\/li>\n<\/ul>\n\n\n\n<p>Prawo to nie dotyczy danych, kt\u00f3re musimy zachowa\u0107 ze wzgl\u0119d\u00f3w administracyjnych, prawnych lub bezpiecze\u0144stwa.<\/p>\n\n\n\n<hr class=\"wp-block-separator has-alpha-channel-opacity\"\/>\n\n\n\n<h2 class=\"wp-block-heading\">Gdzie wysy\u0142amy Twoje dane<\/h2>\n\n\n\n<p>Komentarze go\u015bci mog\u0105 by\u0107 sprawdzane za pomoc\u0105 automatycznych us\u0142ug wykrywania spamu.<\/p>\n","protected":false},"excerpt":{"rendered":"<p>Polityka prywatno\u015bci Kim jeste\u015bmy Administratorem strony internetowej jest GlampCzady.Adres naszej strony internetowej to: http:\/\/glampczady.dfirma.pl\/Kontakt w sprawach zwi\u0105zanych z ochron\u0105 danych osobowych: kontakt@glampczady.pl Komentarze Je\u015bli odwiedzaj\u0105cy stron\u0119 pozostawi komentarz, zbieramy dane widoczne w formularzu komentowania, a tak\u017ce adres IP odwiedzaj\u0105cego oraz podpis przegl\u0105darki, co pomaga w wykrywaniu spamu. Anonimizowany ci\u0105g znak\u00f3w utworzony z adresu e-mail (tzw. [&hellip;]<\/p>\n","protected":false},"author":1,"featured_media":0,"parent":0,"menu_order":0,"comment_status":"closed","ping_status":"open","template":"","meta":{"footnotes":""},"class_list":["post-3","page","type-page","status-publish","hentry"],"_links":{"self":[{"href":"https:\/\/glampczady.dfirma.pl\/index.php\/wp-json\/wp\/v2\/pages\/3","targetHints":{"allow":["GET"]}}],"collection":[{"href":"https:\/\/glampczady.dfirma.pl\/index.php\/wp-json\/wp\/v2\/pages"}],"about":[{"href":"https:\/\/glampczady.dfirma.pl\/index.php\/wp-json\/wp\/v2\/types\/page"}],"author":[{"embeddable":true,"href":"https:\/\/glampczady.dfirma.pl\/index.php\/wp-json\/wp\/v2\/users\/1"}],"replies":[{"embeddable":true,"href":"https:\/\/glampczady.dfirma.pl\/index.php\/wp-json\/wp\/v2\/comments?post=3"}],"version-history":[{"count":5,"href":"https:\/\/glampczady.dfirma.pl\/index.php\/wp-json\/wp\/v2\/pages\/3\/revisions"}],"predecessor-version":[{"id":104,"href":"https:\/\/glampczady.dfirma.pl\/index.php\/wp-json\/wp\/v2\/pages\/3\/revisions\/104"}],"wp:attachment":[{"href":"https:\/\/glampczady.dfirma.pl\/index.php\/wp-json\/wp\/v2\/media?parent=3"}],"curies":[{"name":"wp","href":"https:\/\/api.w.org\/{rel}","templated":true}]}}