{"id":2,"date":"2025-04-22T23:29:20","date_gmt":"2025-04-22T21:29:20","guid":{"rendered":"http:\/\/bezaiwp68.you2.pl\/?page_id=2"},"modified":"2026-02-11T21:19:14","modified_gmt":"2026-02-11T20:19:14","slug":"o-nas","status":"publish","type":"page","link":"https:\/\/glampczady.dfirma.pl\/index.php\/o-nas\/","title":{"rendered":"O nas"},"content":{"rendered":"\n<div class=\"wp-block-cover alignfull has-parallax is-repeated\" style=\"min-height:588px;aspect-ratio:unset;\"><div class=\"wp-block-cover__image-background wp-image-79 size-full has-parallax is-repeated\" style=\"background-position:50% 50%;background-image:url(http:\/\/glampczady.dfirma.pl\/wp-content\/uploads\/2026\/02\/\u0437\u0430\u0432\u0430\u043d\u0442\u0430\u0436\u0435\u043d\u043d\u044f-32-1.jpg)\"><\/div><span aria-hidden=\"true\" class=\"wp-block-cover__background has-background-dim\" style=\"background-color:#716352\"><\/span><div class=\"wp-block-cover__inner-container has-global-padding is-layout-constrained wp-block-cover-is-layout-constrained\">\n<p class=\"has-text-align-center has-base-color has-text-color has-link-color has-heading-font-family has-xx-large-font-size wp-elements-4ec169085d0ae45633ac224102bc7f22\"><strong>O NAS<\/strong><\/p>\n<\/div><\/div>\n\n\n\n<div class=\"wp-block-group alignwide has-global-padding is-layout-constrained wp-container-core-group-is-layout-1629ea14 wp-block-group-is-layout-constrained\">\n<div class=\"wp-block-group has-global-padding is-layout-constrained wp-container-core-group-is-layout-1629ea14 wp-block-group-is-layout-constrained\">\n<div class=\"wp-block-group has-global-padding is-content-justification-left is-layout-constrained wp-container-core-group-is-layout-a9d04607 wp-block-group-is-layout-constrained\">\n<div class=\"wp-block-group has-global-padding is-layout-constrained wp-container-core-group-is-layout-af3d6c59 wp-block-group-is-layout-constrained\">\n<p class=\"has-text-align-center has-custom-color-4-color has-text-color has-link-color has-x-large-font-size wp-elements-8bc361e4040542e9093f2c0db37f0d77\"><strong>GlampCzady powsta\u0142o z potrzeby ciszy.<\/strong><\/p>\n\n\n\n<div class=\"wp-block-group has-global-padding is-layout-constrained wp-container-core-group-is-layout-1629ea14 wp-block-group-is-layout-constrained\">\n<p class=\"has-heading-font-family has-large-font-size\">Z potrzeby zatrzymania si\u0119 w \u015bwiecie, kt\u00f3ry coraz cz\u0119\u015bciej p\u0119dzi zbyt szybko. Sami d\u0142ugo szukali\u015bmy miejsca, w kt\u00f3rym mo\u017cna naprawd\u0119 zwolni\u0107, odetchn\u0105\u0107 pe\u0142n\u0105 piersi\u0105 i poczu\u0107 spok\u00f3j p\u0142yn\u0105cy z blisko\u015bci natury \u2014 bez rezygnowania z wygody.<\/p>\n<\/div>\n<\/div>\n\n\n\n<div class=\"wp-block-group has-global-padding is-layout-constrained wp-container-core-group-is-layout-1629ea14 wp-block-group-is-layout-constrained\">\n<div class=\"wp-block-group is-nowrap is-layout-flex wp-container-core-group-is-layout-6c531013 wp-block-group-is-layout-flex\">\n<p class=\"has-large-font-size\" style=\"border-style:none;border-width:0px\">Podczas naszych podr\u00f3\u017cy zauwa\u017cyli\u015bmy, \u017ce cz\u0119sto trzeba wybiera\u0107: albo dziko\u015b\u0107 i prostota, albo komfort i estetyka. My nie chcieli\u015bmy i\u015b\u0107 na kompromisy. Marzyli\u015bmy o miejscu, kt\u00f3re \u0142\u0105czy jedno z drugim w naturalny, nienachalny spos\u00f3b.<\/p>\n<\/div>\n<\/div>\n\n\n\n<p class=\"has-large-font-size\">Tak w\u0142a\u015bnie powsta\u0142o GlampCzady \u2014 kameralna przestrze\u0144 ukryta w Bieszczadach, stworzona z my\u015bl\u0105 o go\u015bciach, kt\u00f3rzy szukaj\u0105 czego\u015b wi\u0119cej ni\u017c noclegu.<\/p>\n<\/div>\n<\/div>\n\n\n\n<figure class=\"wp-block-image aligncenter size-large\"><img loading=\"lazy\" decoding=\"async\" width=\"1024\" height=\"682\" src=\"https:\/\/glampczady.dfirma.pl\/wp-content\/uploads\/2026\/02\/photo_5215214638637718654_y-1024x682.jpg\" alt=\"\" class=\"wp-image-124\" srcset=\"https:\/\/glampczady.dfirma.pl\/wp-content\/uploads\/2026\/02\/photo_5215214638637718654_y-1024x682.jpg 1024w, https:\/\/glampczady.dfirma.pl\/wp-content\/uploads\/2026\/02\/photo_5215214638637718654_y-300x200.jpg 300w, https:\/\/glampczady.dfirma.pl\/wp-content\/uploads\/2026\/02\/photo_5215214638637718654_y-768x512.jpg 768w, https:\/\/glampczady.dfirma.pl\/wp-content\/uploads\/2026\/02\/photo_5215214638637718654_y.jpg 1280w\" sizes=\"auto, (max-width: 1024px) 100vw, 1024px\" \/><\/figure>\n<\/div>\n\n\n\n<h3 class=\"wp-block-heading has-text-align-center has-x-large-font-size\">Jako\u015b\u0107 zamiast ilo\u015bci<\/h3>\n\n\n\n<div class=\"wp-block-group alignfull has-global-padding is-layout-constrained wp-container-core-group-is-layout-1629ea14 wp-block-group-is-layout-constrained\">\n<p class=\"has-text-align-left has-large-font-size wp-container-content-9cfa9a5a\">W GlampCzady stawiamy na kameralno\u015b\u0107 i dopracowane detale, a nie na masowo\u015b\u0107. Ka\u017cdy element \u2014 od wystroju namiotu po otaczaj\u0105c\u0105 przestrze\u0144 \u2014 zosta\u0142 przemy\u015blany tak, aby tworzy\u0107 sp\u00f3jne i komfortowe do\u015bwiadczenie. Wolimy zaoferowa\u0107 mniej miejsc, ale zapewni\u0107 ka\u017cdemu go\u015bciowi najwy\u017cszy standard wypoczynku.<\/p>\n<\/div>\n\n\n\n<h3 class=\"wp-block-heading has-text-align-center has-heading-font-family has-x-large-font-size\"><strong>Cisza zamiast ha\u0142asu<\/strong><\/h3>\n\n\n\n<div class=\"wp-block-group alignfull has-global-padding is-layout-constrained wp-container-core-group-is-layout-e1b182fe wp-block-group-is-layout-constrained\">\n<p class=\"has-heading-font-family has-large-font-size\">Tutaj nie s\u0142ycha\u0107 ruchliwych ulic ani miejskiego zgie\u0142ku \u2014 tylko wiatr w drzewach i \u015bpiew ptak\u00f3w. Cisza w Bieszczadach nie jest dodatkiem, lecz naturaln\u0105 cz\u0119\u015bci\u0105 krajobrazu. To w\u0142a\u015bnie ona pozwala naprawd\u0119 si\u0119 wyciszy\u0107 i odpocz\u0105\u0107 od codziennego nadmiaru bod\u017ac\u00f3w.<\/p>\n<\/div>\n\n\n\n<h3 class=\"wp-block-heading has-text-align-center has-heading-font-family has-x-large-font-size\"><strong>Przestrze\u0144 zamiast t\u0142um\u00f3w<\/strong><\/h3>\n\n\n\n<div class=\"wp-block-group alignfull has-global-padding is-layout-constrained wp-container-core-group-is-layout-1629ea14 wp-block-group-is-layout-constrained\">\n<p class=\"has-heading-font-family has-large-font-size\">GlampCzady to miejsce, w kt\u00f3rym mo\u017cesz poczu\u0107 swobod\u0119 i oddech. Namioty rozmieszczone s\u0105 tak, aby zapewni\u0107 prywatno\u015b\u0107 i komfort, bez poczucia bycia w\u015br\u00f3d wielu os\u00f3b. Tutaj masz przestrze\u0144 dla siebie \u2014 na my\u015bli, rozmow\u0119 i spokojny czas blisko natury.<\/p>\n<\/div>\n\n\n\n<div class=\"wp-block-media-text alignfull has-media-on-the-right is-stacked-on-mobile\" style=\"grid-template-columns:auto 38%\"><div class=\"wp-block-media-text__content\">\n<p class=\"has-heading-font-family has-large-font-size\">Ka\u017cdy namiot zaprojektowali\u015bmy tak, aby dawa\u0142 poczucie prywatno\u015bci i bezpiecze\u0144stwa, a jednocze\u015bnie pozwala\u0142 by\u0107 jak najbli\u017cej natury. Naturalne materia\u0142y, stonowane kolory i przemy\u015blane detale tworz\u0105 atmosfer\u0119, w kt\u00f3rej \u0142atwo si\u0119 wyciszy\u0107.<\/p>\n\n\n\n<p class=\"has-heading-font-family has-large-font-size\">Nasze luksusowe namioty to przestrze\u0144, w kt\u00f3rej komfort spotyka si\u0119 z prostot\u0105. W \u015brodku znajduje si\u0119 wygodne, pe\u0142nowymiarowe \u0142\u00f3\u017cko z wysokiej jako\u015bci po\u015bciel\u0105, nastrojowe o\u015bwietlenie oraz strefa wypoczynkowa, kt\u00f3ra zach\u0119ca do zwolnienia tempa. To miejsce stworzone do porannej kawy w ciszy, popo\u0142udniowej drzemki i wieczor\u00f3w sp\u0119dzonych przy spokojnej rozmowie.<\/p>\n<\/div><figure class=\"wp-block-media-text__media\"><img loading=\"lazy\" decoding=\"async\" width=\"1024\" height=\"682\" src=\"https:\/\/glampczady.dfirma.pl\/wp-content\/uploads\/2026\/02\/photo_5215214638637718655_y-1024x682.jpg\" alt=\"\" class=\"wp-image-123 size-full\" srcset=\"https:\/\/glampczady.dfirma.pl\/wp-content\/uploads\/2026\/02\/photo_5215214638637718655_y-1024x682.jpg 1024w, https:\/\/glampczady.dfirma.pl\/wp-content\/uploads\/2026\/02\/photo_5215214638637718655_y-300x200.jpg 300w, https:\/\/glampczady.dfirma.pl\/wp-content\/uploads\/2026\/02\/photo_5215214638637718655_y-768x512.jpg 768w, https:\/\/glampczady.dfirma.pl\/wp-content\/uploads\/2026\/02\/photo_5215214638637718655_y.jpg 1280w\" sizes=\"auto, (max-width: 1024px) 100vw, 1024px\" \/><\/figure><\/div>\n","protected":false},"excerpt":{"rendered":"<p>GlampCzady powsta\u0142o z potrzeby ciszy. Z potrzeby zatrzymania si\u0119 w \u015bwiecie, kt\u00f3ry coraz cz\u0119\u015bciej p\u0119dzi zbyt szybko. Sami d\u0142ugo szukali\u015bmy miejsca, w kt\u00f3rym mo\u017cna naprawd\u0119 zwolni\u0107, odetchn\u0105\u0107 pe\u0142n\u0105 piersi\u0105 i poczu\u0107 spok\u00f3j p\u0142yn\u0105cy z blisko\u015bci natury \u2014 bez rezygnowania z wygody. Podczas naszych podr\u00f3\u017cy zauwa\u017cyli\u015bmy, \u017ce cz\u0119sto trzeba wybiera\u0107: albo dziko\u015b\u0107 i prostota, albo komfort [&hellip;]<\/p>\n","protected":false},"author":1,"featured_media":0,"parent":0,"menu_order":0,"comment_status":"closed","ping_status":"closed","template":"","meta":{"footnotes":""},"class_list":["post-2","page","type-page","status-publish","hentry"],"_links":{"self":[{"href":"https:\/\/glampczady.dfirma.pl\/index.php\/wp-json\/wp\/v2\/pages\/2","targetHints":{"allow":["GET"]}}],"collection":[{"href":"https:\/\/glampczady.dfirma.pl\/index.php\/wp-json\/wp\/v2\/pages"}],"about":[{"href":"https:\/\/glampczady.dfirma.pl\/index.php\/wp-json\/wp\/v2\/types\/page"}],"author":[{"embeddable":true,"href":"https:\/\/glampczady.dfirma.pl\/index.php\/wp-json\/wp\/v2\/users\/1"}],"replies":[{"embeddable":true,"href":"https:\/\/glampczady.dfirma.pl\/index.php\/wp-json\/wp\/v2\/comments?post=2"}],"version-history":[{"count":20,"href":"https:\/\/glampczady.dfirma.pl\/index.php\/wp-json\/wp\/v2\/pages\/2\/revisions"}],"predecessor-version":[{"id":134,"href":"https:\/\/glampczady.dfirma.pl\/index.php\/wp-json\/wp\/v2\/pages\/2\/revisions\/134"}],"wp:attachment":[{"href":"https:\/\/glampczady.dfirma.pl\/index.php\/wp-json\/wp\/v2\/media?parent=2"}],"curies":[{"name":"wp","href":"https:\/\/api.w.org\/{rel}","templated":true}]}}