{"id":13,"date":"2026-02-07T19:16:22","date_gmt":"2026-02-07T18:16:22","guid":{"rendered":"http:\/\/glampczady.dfirma.pl\/?page_id=13"},"modified":"2026-02-11T21:23:13","modified_gmt":"2026-02-11T20:23:13","slug":"oferta","status":"publish","type":"page","link":"http:\/\/glampczady.dfirma.pl\/index.php\/oferta\/","title":{"rendered":""},"content":{"rendered":"\n<div class=\"wp-block-cover alignfull has-parallax is-repeated\" style=\"min-height:571px;aspect-ratio:unset;\"><div class=\"wp-block-cover__image-background wp-image-79 size-full has-parallax is-repeated\" style=\"background-position:50% 50%;background-image:url(http:\/\/glampczady.dfirma.pl\/wp-content\/uploads\/2026\/02\/\u0437\u0430\u0432\u0430\u043d\u0442\u0430\u0436\u0435\u043d\u043d\u044f-32-1.jpg)\"><\/div><span aria-hidden=\"true\" class=\"wp-block-cover__background has-background-dim\" style=\"background-color:#716352\"><\/span><div class=\"wp-block-cover__inner-container has-global-padding is-layout-constrained wp-block-cover-is-layout-constrained\">\n<p class=\"has-text-align-center has-base-color has-text-color has-link-color has-xx-large-font-size wp-elements-7e91413a502bddf3c025437afb2873da\"><strong>OFERTA<\/strong><\/p>\n<\/div><\/div>\n\n\n\n<div class=\"wp-block-group alignfull has-global-padding is-layout-constrained wp-container-core-group-is-layout-011d256c wp-block-group-is-layout-constrained\" style=\"padding-top:var(--wp--preset--spacing--50);padding-right:var(--wp--preset--spacing--50);padding-bottom:var(--wp--preset--spacing--50);padding-left:var(--wp--preset--spacing--50)\">\n<h2 class=\"wp-block-heading alignfull has-text-align-center has-xx-large-font-size\">1. Glamping z rodzin\u0105 \u2013 wspomnienia na lata<\/h2>\n\n\n\n<p><\/p>\n\n\n\n<div class=\"wp-block-group has-global-padding is-layout-constrained wp-container-core-group-is-layout-650790e1 wp-block-group-is-layout-constrained\">\n<div class=\"wp-block-media-text alignfull is-stacked-on-mobile has-heading-font-family has-large-font-size\"><figure class=\"wp-block-media-text__media\"><img loading=\"lazy\" decoding=\"async\" width=\"1024\" height=\"683\" src=\"https:\/\/glampczady.dfirma.pl\/wp-content\/uploads\/2026\/02\/ChatGPT-Image-11-\u043b\u044e\u0442.-2026-\u0440.-18_25_23-1024x683.png\" alt=\"\" class=\"wp-image-112 size-full\" srcset=\"http:\/\/glampczady.dfirma.pl\/wp-content\/uploads\/2026\/02\/ChatGPT-Image-11-\u043b\u044e\u0442.-2026-\u0440.-18_25_23-1024x683.png 1024w, http:\/\/glampczady.dfirma.pl\/wp-content\/uploads\/2026\/02\/ChatGPT-Image-11-\u043b\u044e\u0442.-2026-\u0440.-18_25_23-300x200.png 300w, http:\/\/glampczady.dfirma.pl\/wp-content\/uploads\/2026\/02\/ChatGPT-Image-11-\u043b\u044e\u0442.-2026-\u0440.-18_25_23-768x512.png 768w, http:\/\/glampczady.dfirma.pl\/wp-content\/uploads\/2026\/02\/ChatGPT-Image-11-\u043b\u044e\u0442.-2026-\u0440.-18_25_23.png 1536w\" sizes=\"auto, (max-width: 1024px) 100vw, 1024px\" \/><\/figure><div class=\"wp-block-media-text__content\">\n<p><strong>Dla rodzin oferujemy: <\/strong><\/p>\n\n\n\n<ul class=\"wp-block-list\">\n<li>przestronne namioty z dodatkowymi miejscami do spania <\/li>\n\n\n\n<li>bezpieczn\u0105 przestrze\u0144 wok\u00f3\u0142 obiektu <\/li>\n\n\n\n<li>miejsce na ognisko i wsp\u00f3lne wieczory pod gwiazdami<\/li>\n\n\n\n<li>dost\u0119p do atrakcji przyrodniczych i szlak\u00f3w turystycznych<\/li>\n\n\n\n<li> mo\u017cliwo\u015b\u0107 przygotowania \u015bniada\u0144 lub korzystania z aneksu kuchennego<\/li>\n<\/ul>\n<\/div><\/div>\n\n\n\n<div style=\"height:20px\" aria-hidden=\"true\" class=\"wp-block-spacer\"><\/div>\n\n\n\n<div style=\"height:1.25rem\" aria-hidden=\"true\" class=\"wp-block-spacer\"><\/div>\n<\/div>\n\n\n\n<div style=\"height:0px\" aria-hidden=\"true\" class=\"wp-block-spacer\"><\/div>\n<\/div>\n\n\n\n<div class=\"wp-block-group alignfull has-global-padding is-layout-constrained wp-container-core-group-is-layout-011d256c wp-block-group-is-layout-constrained\" style=\"padding-top:var(--wp--preset--spacing--50);padding-right:var(--wp--preset--spacing--50);padding-bottom:var(--wp--preset--spacing--50);padding-left:var(--wp--preset--spacing--50)\">\n<h2 class=\"wp-block-heading has-text-align-center has-xx-large-font-size\">2. Glamping dla par \u2013 romantyczny wyjazd w Bieszczady<\/h2>\n\n\n\n<p><\/p>\n\n\n\n<div class=\"wp-block-group has-global-padding is-layout-constrained wp-container-core-group-is-layout-650790e1 wp-block-group-is-layout-constrained\">\n<div class=\"wp-block-media-text alignfull has-media-on-the-right is-stacked-on-mobile has-heading-font-family has-large-font-size\"><div class=\"wp-block-media-text__content\">\n<p class=\"has-heading-font-family\"><strong>Dla par oferujemy: <\/strong><\/p>\n\n\n\n<ul class=\"wp-block-list has-heading-font-family\">\n<li class=\"has-heading-font-family\">luksusowy namiot z wygodnym, du\u017cym \u0142\u00f3\u017ckiem<\/li>\n\n\n\n<li>prywatn\u0105 \u0142azienk\u0119 i klimatyczne wn\u0119trze<\/li>\n\n\n\n<li>taras z widokiem na natur\u0119<\/li>\n\n\n\n<li>stref\u0119 relaksu i miejsce na ognisko<\/li>\n\n\n\n<li>mo\u017cliwo\u015b\u0107 zam\u00f3wienia kosza \u015bniadaniowego z lokalnymi produktami<\/li>\n<\/ul>\n\n\n\n<p><strong>Dodatkowo mo\u017cemy przygotowa\u0107 pakiet romantyczny:<\/strong><\/p>\n\n\n\n<ul class=\"wp-block-list\">\n<li>dekoracj\u0119 \u015bwiecami i kwiatami<\/li>\n\n\n\n<li>sch\u0142odzone prosecco na powitanie<\/li>\n\n\n\n<li>nastrojowe o\u015bwietlenie i detale tworz\u0105ce wyj\u0105tkow\u0105 atmosfer\u0119<\/li>\n<\/ul>\n<\/div><figure class=\"wp-block-media-text__media\"><img loading=\"lazy\" decoding=\"async\" width=\"1024\" height=\"683\" src=\"https:\/\/glampczady.dfirma.pl\/wp-content\/uploads\/2026\/02\/ChatGPT-Image-11-\u043b\u044e\u0442.-2026-\u0440.-18_36_23-1024x683.png\" alt=\"\" class=\"wp-image-113 size-full\" srcset=\"http:\/\/glampczady.dfirma.pl\/wp-content\/uploads\/2026\/02\/ChatGPT-Image-11-\u043b\u044e\u0442.-2026-\u0440.-18_36_23-1024x683.png 1024w, http:\/\/glampczady.dfirma.pl\/wp-content\/uploads\/2026\/02\/ChatGPT-Image-11-\u043b\u044e\u0442.-2026-\u0440.-18_36_23-300x200.png 300w, http:\/\/glampczady.dfirma.pl\/wp-content\/uploads\/2026\/02\/ChatGPT-Image-11-\u043b\u044e\u0442.-2026-\u0440.-18_36_23-768x512.png 768w, http:\/\/glampczady.dfirma.pl\/wp-content\/uploads\/2026\/02\/ChatGPT-Image-11-\u043b\u044e\u0442.-2026-\u0440.-18_36_23.png 1536w\" sizes=\"auto, (max-width: 1024px) 100vw, 1024px\" \/><\/figure><\/div>\n\n\n\n<div style=\"height:20px\" aria-hidden=\"true\" class=\"wp-block-spacer\"><\/div>\n\n\n\n<div style=\"height:1.25rem\" aria-hidden=\"true\" class=\"wp-block-spacer\"><\/div>\n<\/div>\n\n\n\n<div style=\"height:0px\" aria-hidden=\"true\" class=\"wp-block-spacer\"><\/div>\n<\/div>\n\n\n\n<div class=\"wp-block-group alignfull has-global-padding is-layout-constrained wp-container-core-group-is-layout-011d256c wp-block-group-is-layout-constrained\" style=\"padding-top:var(--wp--preset--spacing--50);padding-right:var(--wp--preset--spacing--50);padding-bottom:var(--wp--preset--spacing--50);padding-left:var(--wp--preset--spacing--50)\">\n<h2 class=\"wp-block-heading has-text-align-center has-xx-large-font-size\">3. Wypad z przyjaci\u00f3\u0142mi \u2013 relaks i przygoda<\/h2>\n\n\n\n<p><\/p>\n\n\n\n<div class=\"wp-block-group has-global-padding is-layout-constrained wp-container-core-group-is-layout-650790e1 wp-block-group-is-layout-constrained\">\n<div class=\"wp-block-media-text alignfull is-stacked-on-mobile has-heading-font-family has-large-font-size\"><figure class=\"wp-block-media-text__media\"><img loading=\"lazy\" decoding=\"async\" width=\"1024\" height=\"683\" src=\"https:\/\/glampczady.dfirma.pl\/wp-content\/uploads\/2026\/02\/ChatGPT-Image-11-\u043b\u044e\u0442.-2026-\u0440.-18_54_02-1024x683.png\" alt=\"\" class=\"wp-image-114 size-full\" srcset=\"http:\/\/glampczady.dfirma.pl\/wp-content\/uploads\/2026\/02\/ChatGPT-Image-11-\u043b\u044e\u0442.-2026-\u0440.-18_54_02-1024x683.png 1024w, http:\/\/glampczady.dfirma.pl\/wp-content\/uploads\/2026\/02\/ChatGPT-Image-11-\u043b\u044e\u0442.-2026-\u0440.-18_54_02-300x200.png 300w, http:\/\/glampczady.dfirma.pl\/wp-content\/uploads\/2026\/02\/ChatGPT-Image-11-\u043b\u044e\u0442.-2026-\u0440.-18_54_02-768x512.png 768w, http:\/\/glampczady.dfirma.pl\/wp-content\/uploads\/2026\/02\/ChatGPT-Image-11-\u043b\u044e\u0442.-2026-\u0440.-18_54_02.png 1536w\" sizes=\"auto, (max-width: 1024px) 100vw, 1024px\" \/><\/figure><div class=\"wp-block-media-text__content\">\n<p><strong>Oferujemy:<\/strong><\/p>\n\n\n\n<ul class=\"wp-block-list\">\n<li>komfortowe namioty dla kilku os\u00f3b<\/li>\n\n\n\n<li>wsp\u00f3ln\u0105 przestrze\u0144 do integracji<\/li>\n\n\n\n<li>miejsce na ognisko i wieczorne rozmowy<\/li>\n\n\n\n<li>mo\u017cliwo\u015b\u0107 organizacji tematycznego wieczoru<\/li>\n\n\n\n<li>blisko\u015b\u0107 szlak\u00f3w, tras rowerowych i atrakcji Bieszczad<\/li>\n<\/ul>\n<\/div><\/div>\n\n\n\n<div style=\"height:20px\" aria-hidden=\"true\" class=\"wp-block-spacer\"><\/div>\n\n\n\n<div style=\"height:1.25rem\" aria-hidden=\"true\" class=\"wp-block-spacer\"><\/div>\n<\/div>\n\n\n\n<div style=\"height:0px\" aria-hidden=\"true\" class=\"wp-block-spacer\"><\/div>\n<\/div>\n\n\n\n<div class=\"wp-block-group alignfull has-global-padding is-layout-constrained wp-container-core-group-is-layout-011d256c wp-block-group-is-layout-constrained\" style=\"padding-top:var(--wp--preset--spacing--50);padding-right:var(--wp--preset--spacing--50);padding-bottom:var(--wp--preset--spacing--50);padding-left:var(--wp--preset--spacing--50)\">\n<h2 class=\"wp-block-heading has-text-align-center has-xx-large-font-size\">4.Pobyt na wyj\u0105tkow\u0105 okazj\u0119<\/h2>\n\n\n\n<p><\/p>\n\n\n\n<div class=\"wp-block-group has-global-padding is-layout-constrained wp-container-core-group-is-layout-650790e1 wp-block-group-is-layout-constrained\">\n<div class=\"wp-block-media-text alignfull has-media-on-the-right is-stacked-on-mobile is-image-fill-element has-heading-font-family has-large-font-size\"><div class=\"wp-block-media-text__content\">\n<p><strong>Mo\u017cemy przygotowa\u0107:<\/strong><\/p>\n\n\n\n<ul class=\"wp-block-list\">\n<li>indywidualn\u0105 aran\u017cacj\u0119 namiotu<\/li>\n<\/ul>\n\n\n\n<ul class=\"wp-block-list\">\n<li>pakiety okoliczno\u015bciowe<\/li>\n<\/ul>\n\n\n\n<ul class=\"wp-block-list\">\n<li>catering lub lokalne produkt<\/li>\n\n\n\n<li>dodatkowe atrakcje (np. balia, sauna \u2013 je\u015bli dost\u0119pne)<\/li>\n<\/ul>\n<\/div><figure class=\"wp-block-media-text__media\"><img loading=\"lazy\" decoding=\"async\" width=\"1024\" height=\"683\" src=\"https:\/\/glampczady.dfirma.pl\/wp-content\/uploads\/2026\/02\/ChatGPT-Image-11-\u043b\u044e\u0442.-2026-\u0440.-19_08_13-1024x683.png\" alt=\"\" class=\"wp-image-115 size-full\" style=\"object-position:50% 50%\" srcset=\"http:\/\/glampczady.dfirma.pl\/wp-content\/uploads\/2026\/02\/ChatGPT-Image-11-\u043b\u044e\u0442.-2026-\u0440.-19_08_13-1024x683.png 1024w, http:\/\/glampczady.dfirma.pl\/wp-content\/uploads\/2026\/02\/ChatGPT-Image-11-\u043b\u044e\u0442.-2026-\u0440.-19_08_13-300x200.png 300w, http:\/\/glampczady.dfirma.pl\/wp-content\/uploads\/2026\/02\/ChatGPT-Image-11-\u043b\u044e\u0442.-2026-\u0440.-19_08_13-768x512.png 768w, http:\/\/glampczady.dfirma.pl\/wp-content\/uploads\/2026\/02\/ChatGPT-Image-11-\u043b\u044e\u0442.-2026-\u0440.-19_08_13.png 1536w\" sizes=\"auto, (max-width: 1024px) 100vw, 1024px\" \/><\/figure><\/div>\n\n\n\n<div style=\"height:20px\" aria-hidden=\"true\" class=\"wp-block-spacer\"><\/div>\n\n\n\n<div style=\"height:1.25rem\" aria-hidden=\"true\" class=\"wp-block-spacer\"><\/div>\n<\/div>\n\n\n\n<div style=\"height:0px\" aria-hidden=\"true\" class=\"wp-block-spacer\"><\/div>\n<\/div>\n","protected":false},"excerpt":{"rendered":"<p>1. Glamping z rodzin\u0105 \u2013 wspomnienia na lata Dla rodzin oferujemy: 2. Glamping dla par \u2013 romantyczny wyjazd w Bieszczady Dla par oferujemy: Dodatkowo mo\u017cemy przygotowa\u0107 pakiet romantyczny: 3. Wypad z przyjaci\u00f3\u0142mi \u2013 relaks i przygoda Oferujemy: 4.Pobyt na wyj\u0105tkow\u0105 okazj\u0119 Mo\u017cemy przygotowa\u0107:<\/p>\n","protected":false},"author":1,"featured_media":0,"parent":0,"menu_order":0,"comment_status":"closed","ping_status":"closed","template":"page-no-title","meta":{"footnotes":""},"class_list":["post-13","page","type-page","status-publish","hentry"],"_links":{"self":[{"href":"http:\/\/glampczady.dfirma.pl\/index.php\/wp-json\/wp\/v2\/pages\/13","targetHints":{"allow":["GET"]}}],"collection":[{"href":"http:\/\/glampczady.dfirma.pl\/index.php\/wp-json\/wp\/v2\/pages"}],"about":[{"href":"http:\/\/glampczady.dfirma.pl\/index.php\/wp-json\/wp\/v2\/types\/page"}],"author":[{"embeddable":true,"href":"http:\/\/glampczady.dfirma.pl\/index.php\/wp-json\/wp\/v2\/users\/1"}],"replies":[{"embeddable":true,"href":"http:\/\/glampczady.dfirma.pl\/index.php\/wp-json\/wp\/v2\/comments?post=13"}],"version-history":[{"count":13,"href":"http:\/\/glampczady.dfirma.pl\/index.php\/wp-json\/wp\/v2\/pages\/13\/revisions"}],"predecessor-version":[{"id":141,"href":"http:\/\/glampczady.dfirma.pl\/index.php\/wp-json\/wp\/v2\/pages\/13\/revisions\/141"}],"wp:attachment":[{"href":"http:\/\/glampczady.dfirma.pl\/index.php\/wp-json\/wp\/v2\/media?parent=13"}],"curies":[{"name":"wp","href":"https:\/\/api.w.org\/{rel}","templated":true}]}}